{"id":1089,"date":"2025-07-02T16:35:22","date_gmt":"2025-07-02T14:35:22","guid":{"rendered":"https:\/\/baumkreisumdiewelt.org\/?page_id=1089"},"modified":"2026-04-01T09:36:14","modified_gmt":"2026-04-01T07:36:14","slug":"trees-of-harmony","status":"publish","type":"page","link":"https:\/\/baumkreisumdiewelt.org\/en\/trees-of-harmony\/","title":{"rendered":"Trees of Harmony"},"content":{"rendered":"<div data-elementor-type=\"wp-page\" data-elementor-id=\"1089\" class=\"elementor elementor-1089\" data-elementor-post-type=\"page\">\n\t\t\t\t<div class=\"elementor-element elementor-element-2a99c0d e-flex e-con-boxed e-con e-parent\" data-id=\"2a99c0d\" data-element_type=\"container\" data-e-type=\"container\" data-settings=\"{&quot;background_background&quot;:&quot;classic&quot;}\">\n\t\t\t\t\t<div class=\"e-con-inner\">\n\t\t<div class=\"elementor-element elementor-element-f31ccde e-flex e-con-boxed e-con e-child\" data-id=\"f31ccde\" data-element_type=\"container\" data-e-type=\"container\" data-settings=\"{&quot;background_background&quot;:&quot;classic&quot;}\">\n\t\t\t\t\t<div class=\"e-con-inner\">\n\t\t\t\t<div class=\"elementor-element elementor-element-c8e3a89 elementor-widget elementor-widget-shortcode\" data-id=\"c8e3a89\" data-element_type=\"widget\" data-e-type=\"widget\" data-widget_type=\"shortcode.default\">\n\t\t\t\t<div class=\"elementor-widget-container\">\n\t\t\t\t\t\t\t<div class=\"elementor-shortcode\"><div class=\"trp-shortcode-switcher__wrapper\"\r\n     style=\"--bg:#ffffff;--bg-hover:#0000000d;--text:#143852;--text-hover:#1d2327;--border:1px solid #1438521a;--border-width:1px;--border-color:#1438521a;--border-radius:5px;--flag-radius:2px;--flag-size:18px;--aspect-ratio:4\/3;--font-size:14px;--transition-duration:0.2s\"\r\n     role=\"group\"\r\n     data-open-mode=\"hover\">\r\n\r\n    \r\n        <!-- ANCHOR (in-flow only; sizing\/borders; inert) -->\r\n        <div class=\"trp-language-switcher trp-ls-dropdown trp-shortcode-switcher trp-shortcode-anchor trp-open-on-hover\"\r\n             aria-hidden=\"true\"\r\n             inert\r\n data-no-translation>\r\n                <div class=\"trp-current-language-item__wrapper\">\r\n        <a class=\"trp-language-item trp-language-item__default trp-language-item__current\" data-no-translation href=\"https:\/\/baumkreisumdiewelt.org\/en\/wp-json\/wp\/v2\/pages\/1089\" title=\"\"><img decoding=\"async\" src=\"https:\/\/baumkreisumdiewelt.org\/wp-content\/plugins\/translatepress-multilingual\/assets\/flags\/4x3\/en_GB.svg\" class=\"trp-flag-image\" alt=\"\" role=\"presentation\" loading=\"lazy\" \/><\/a>                    <svg class=\"trp-shortcode-arrow\" width=\"20\" height=\"20\" viewbox=\"0 0 20 21\" fill=\"none\" aria-hidden=\"true\" focusable=\"false\" xmlns=\"http:\/\/www.w3.org\/2000\/svg\">\r\n                <path d=\"M5 8L10 13L15 8\" stroke=\"var(--text)\" stroke-width=\"2\" stroke-linecap=\"round\" stroke-linejoin=\"round\"\/>\r\n            <\/svg>\r\n            <\/div>\r\n            <\/div>\r\n\r\n        <!-- OVERLAY (positioned; interactive surface) -->\r\n        <div class=\"trp-language-switcher trp-ls-dropdown trp-shortcode-switcher trp-shortcode-overlay trp-open-on-hover\"\r\n             role=\"navigation\"\r\n             aria-label=\"Website language selector\"\r\n             data-no-translation\r\n>\r\n                <div class=\"trp-current-language-item__wrapper\">\r\n        <div class=\"trp-language-item trp-language-item__default trp-language-item__current\" data-no-translation role=\"button\" aria-expanded=\"false\" tabindex=\"0\" aria-label=\"Change language\" aria-controls=\"trp-shortcode-dropdown-69fa09e09bcfc\"><img decoding=\"async\" src=\"https:\/\/baumkreisumdiewelt.org\/wp-content\/plugins\/translatepress-multilingual\/assets\/flags\/4x3\/en_GB.svg\" class=\"trp-flag-image\" alt=\"\" role=\"presentation\" loading=\"lazy\" \/><\/div>                    <svg class=\"trp-shortcode-arrow\" width=\"20\" height=\"20\" viewbox=\"0 0 20 21\" fill=\"none\" aria-hidden=\"true\" focusable=\"false\" xmlns=\"http:\/\/www.w3.org\/2000\/svg\">\r\n                <path d=\"M5 8L10 13L15 8\" stroke=\"var(--text)\" stroke-width=\"2\" stroke-linecap=\"round\" stroke-linejoin=\"round\"\/>\r\n            <\/svg>\r\n            <\/div>\r\n    \r\n            <div class=\"trp-switcher-dropdown-list\"\r\n                 id=\"trp-shortcode-dropdown-69fa09e09bcfc\"\r\n                 role=\"group\"\r\n                 aria-label=\"Available languages\"\r\n                 hidden\r\n inert\r\n>\r\n                                                            <a class=\"trp-language-item\" href=\"https:\/\/baumkreisumdiewelt.org\/en\/wp-json\/wp\/v2\/pages\/1089\" title=\"\">\r\n                            <img decoding=\"async\" src=\"https:\/\/baumkreisumdiewelt.org\/wp-content\/plugins\/translatepress-multilingual\/assets\/flags\/4x3\/de_DE.svg\" class=\"trp-flag-image\" alt=\"Change language to German\" loading=\"lazy\" \/>                                                                                <\/a>\r\n                                            <a class=\"trp-language-item\" href=\"https:\/\/baumkreisumdiewelt.org\/en\/wp-json\/wp\/v2\/pages\/1089\" title=\"\">\r\n                            <img decoding=\"async\" src=\"https:\/\/baumkreisumdiewelt.org\/wp-content\/plugins\/translatepress-multilingual\/assets\/flags\/4x3\/es_ES.svg\" class=\"trp-flag-image\" alt=\"Change language to Spanish\" loading=\"lazy\" \/>                                                                                <\/a>\r\n                                                <\/div>\r\n        <\/div>\r\n\r\n    <\/div>\r\n<\/div>\n\t\t\t\t\t\t<\/div>\n\t\t\t\t<\/div>\n\t\t\t\t<div class=\"elementor-element elementor-element-b92e30c elementor-widget elementor-widget-heading\" data-id=\"b92e30c\" data-element_type=\"widget\" data-e-type=\"widget\" data-widget_type=\"heading.default\">\n\t\t\t\t<div class=\"elementor-widget-container\">\n\t\t\t\t\t<h1 class=\"elementor-heading-title elementor-size-default\">Trees of Harmony<\/h1>\t\t\t\t<\/div>\n\t\t\t\t<\/div>\n\t\t\t\t<div class=\"elementor-element elementor-element-11d2123 elementor-widget elementor-widget-heading\" data-id=\"11d2123\" data-element_type=\"widget\" data-e-type=\"widget\" data-widget_type=\"heading.default\">\n\t\t\t\t<div class=\"elementor-widget-container\">\n\t\t\t\t\t<h2 class=\"elementor-heading-title elementor-size-default\">No trees, no music<br><\/h2>\t\t\t\t<\/div>\n\t\t\t\t<\/div>\n\t\t\t\t<div class=\"elementor-element elementor-element-48ce255 elementor-widget elementor-widget-image\" data-id=\"48ce255\" data-element_type=\"widget\" data-e-type=\"widget\" data-widget_type=\"image.default\">\n\t\t\t\t<div class=\"elementor-widget-container\">\n\t\t\t\t\t\t\t\t\t\t\t\t<figure class=\"wp-caption\">\n\t\t\t\t\t\t\t\t\t\t<img fetchpriority=\"high\" decoding=\"async\" width=\"2000\" height=\"1125\" src=\"https:\/\/baumkreisumdiewelt.org\/wp-content\/uploads\/2025\/07\/HZE_1559.jpg\" class=\"attachment-full size-full wp-image-1103\" alt=\"Gitarre aus Palisanderholz\" srcset=\"https:\/\/baumkreisumdiewelt.org\/wp-content\/uploads\/2025\/07\/HZE_1559.jpg 2000w, https:\/\/baumkreisumdiewelt.org\/wp-content\/uploads\/2025\/07\/HZE_1559-300x169.jpg 300w, https:\/\/baumkreisumdiewelt.org\/wp-content\/uploads\/2025\/07\/HZE_1559-1024x576.jpg 1024w, https:\/\/baumkreisumdiewelt.org\/wp-content\/uploads\/2025\/07\/HZE_1559-768x432.jpg 768w, https:\/\/baumkreisumdiewelt.org\/wp-content\/uploads\/2025\/07\/HZE_1559-1536x864.jpg 1536w, https:\/\/baumkreisumdiewelt.org\/wp-content\/uploads\/2025\/07\/HZE_1559-18x10.jpg 18w\" sizes=\"(max-width: 2000px) 100vw, 2000px\" \/>\t\t\t\t\t\t\t\t\t\t\t<figcaption class=\"widget-image-caption wp-caption-text\">Hilleken Zeineddine<\/figcaption>\n\t\t\t\t\t\t\t\t\t\t<\/figure>\n\t\t\t\t\t\t\t\t\t<\/div>\n\t\t\t\t<\/div>\n\t\t\t\t<div class=\"elementor-element elementor-element-a1b2b6c elementor-blockquote--skin-border elementor-widget elementor-widget-blockquote\" data-id=\"a1b2b6c\" data-element_type=\"widget\" data-e-type=\"widget\" data-widget_type=\"blockquote.default\">\n\t\t\t\t<div class=\"elementor-widget-container\">\n\t\t\t\t\t\t\t<blockquote class=\"elementor-blockquote\">\n\t\t\t<p class=\"elementor-blockquote__content\">\n\t\t\t\tIn gratitude for our beautifully handcrafted wooden musical instruments, we're giving back to nature by planting trees, fostering natural woodlands, and boosting biodiversity. We are committed to supporting the preservation and maintenance of the right tree species. \n\t\t\t<\/p>\n\t\t\t\t\t\t\t<div class=\"e-q-footer\">\n\t\t\t\t\t\t\t\t\t\t\t<cite class=\"elementor-blockquote__author\">Martina Sch\u00e4ffer &amp; Baumkreis um die Welt e.V.<\/cite>\n\t\t\t\t\t\t\t\t\t\t\t\t\t\t<\/div>\n\t\t\t\t\t<\/blockquote>\n\t\t\t\t\t\t<\/div>\n\t\t\t\t<\/div>\n\t\t<div class=\"elementor-element elementor-element-d448b14 e-con-full e-flex e-con e-child\" data-id=\"d448b14\" data-element_type=\"container\" data-e-type=\"container\">\n\t\t<div class=\"elementor-element elementor-element-90e3894 e-con-full e-flex e-con e-child\" data-id=\"90e3894\" data-element_type=\"container\" data-e-type=\"container\">\n\t\t\t\t<div class=\"elementor-element elementor-element-43cb19c elementor-widget elementor-widget-video\" data-id=\"43cb19c\" data-element_type=\"widget\" data-e-type=\"widget\" data-settings=\"{&quot;video_type&quot;:&quot;hosted&quot;,&quot;controls&quot;:&quot;yes&quot;}\" data-widget_type=\"video.default\">\n\t\t\t\t<div class=\"elementor-widget-container\">\n\t\t\t\t\t\t\t<div class=\"e-hosted-video elementor-wrapper elementor-open-inline\">\n\t\t\t\t\t<video class=\"elementor-video\" src=\"https:\/\/baumkreisumdiewelt.org\/wp-content\/uploads\/2025\/09\/Landesforstdirektor-DI-Andreas-Amann.mp4\" controls=\"\" preload=\"metadata\" controlslist=\"nodownload\"><\/video>\n\t\t\t\t<\/div>\n\t\t\t\t\t\t<\/div>\n\t\t\t\t<\/div>\n\t\t\t\t<div class=\"elementor-element elementor-element-dbe5cd6 elementor-widget elementor-widget-heading\" data-id=\"dbe5cd6\" data-element_type=\"widget\" data-e-type=\"widget\" data-widget_type=\"heading.default\">\n\t\t\t\t<div class=\"elementor-widget-container\">\n\t\t\t\t\t<h2 class=\"elementor-heading-title elementor-size-default\">Klangholz - DI Andreas Amann<\/h2>\t\t\t\t<\/div>\n\t\t\t\t<\/div>\n\t\t\t\t<\/div>\n\t\t<div class=\"elementor-element elementor-element-a2da206 e-con-full e-flex e-con e-child\" data-id=\"a2da206\" data-element_type=\"container\" data-e-type=\"container\">\n\t\t\t\t<div class=\"elementor-element elementor-element-d397ef3 elementor-widget elementor-widget-video\" data-id=\"d397ef3\" data-element_type=\"widget\" data-e-type=\"widget\" data-settings=\"{&quot;video_type&quot;:&quot;hosted&quot;,&quot;controls&quot;:&quot;yes&quot;}\" data-widget_type=\"video.default\">\n\t\t\t\t<div class=\"elementor-widget-container\">\n\t\t\t\t\t\t\t<div class=\"e-hosted-video elementor-wrapper elementor-open-inline\">\n\t\t\t\t\t<video class=\"elementor-video\" src=\"https:\/\/baumkreisumdiewelt.org\/wp-content\/uploads\/2025\/11\/Samstag_03_Die-Fichte_v02.mov.mp4\" controls=\"\" preload=\"metadata\" controlslist=\"nodownload\"><\/video>\n\t\t\t\t<\/div>\n\t\t\t\t\t\t<\/div>\n\t\t\t\t<\/div>\n\t\t\t\t<div class=\"elementor-element elementor-element-a643b3a elementor-widget elementor-widget-heading\" data-id=\"a643b3a\" data-element_type=\"widget\" data-e-type=\"widget\" data-widget_type=\"heading.default\">\n\t\t\t\t<div class=\"elementor-widget-container\">\n\t\t\t\t\t<h2 class=\"elementor-heading-title elementor-size-default\">The Spruce - Martina Sch\u00e4ffer, guitar<\/h2>\t\t\t\t<\/div>\n\t\t\t\t<\/div>\n\t\t\t\t<div class=\"elementor-element elementor-element-982e381 elementor-widget elementor-widget-text-editor\" data-id=\"982e381\" data-element_type=\"widget\" data-e-type=\"widget\" data-widget_type=\"text-editor.default\">\n\t\t\t\t<div class=\"elementor-widget-container\">\n\t\t\t\t\t\t\t\t\t<p>Martina Sch\u00e4ffer plays a guitar made by Edmund Bl\u00f6chinger. The spruce top comes from a roof beam of the Frauenkirche in Munich, ca. 1470<\/p>\t\t\t\t\t\t\t\t<\/div>\n\t\t\t\t<\/div>\n\t\t\t\t<\/div>\n\t\t\t\t<\/div>\n\t\t\t\t<div class=\"elementor-element elementor-element-4a63948 elementor-widget elementor-widget-heading\" data-id=\"4a63948\" data-element_type=\"widget\" data-e-type=\"widget\" data-widget_type=\"heading.default\">\n\t\t\t\t<div class=\"elementor-widget-container\">\n\t\t\t\t\t<h2 class=\"elementor-heading-title elementor-size-default\"> For tomorrow's listening pleasure. Join us in planting trees for the sake of music.<br><\/h2>\t\t\t\t<\/div>\n\t\t\t\t<\/div>\n\t\t<div class=\"elementor-element elementor-element-d6f4320 e-con-full e-flex e-con e-child\" data-id=\"d6f4320\" data-element_type=\"container\" data-e-type=\"container\">\n\t\t\t\t<div class=\"elementor-element elementor-element-f5931ee elementor-widget elementor-widget-heading\" data-id=\"f5931ee\" data-element_type=\"widget\" data-e-type=\"widget\" data-widget_type=\"heading.default\">\n\t\t\t\t<div class=\"elementor-widget-container\">\n\t\t\t\t\t<h2 class=\"elementor-heading-title elementor-size-default\">Donate now<\/h2>\t\t\t\t<\/div>\n\t\t\t\t<\/div>\n\t\t\t\t<div class=\"elementor-element elementor-element-c88a5b6 elementor-widget elementor-widget-heading\" data-id=\"c88a5b6\" data-element_type=\"widget\" data-e-type=\"widget\" data-widget_type=\"heading.default\">\n\t\t\t\t<div class=\"elementor-widget-container\">\n\t\t\t\t\t<h2 class=\"elementor-heading-title elementor-size-default\">Bank Transfer<\/h2>\t\t\t\t<\/div>\n\t\t\t\t<\/div>\n\t\t\t\t<div class=\"elementor-element elementor-element-4460a89 elementor-widget elementor-widget-text-editor\" data-id=\"4460a89\" data-element_type=\"widget\" data-e-type=\"widget\" data-widget_type=\"text-editor.default\">\n\t\t\t\t<div class=\"elementor-widget-container\">\n\t\t\t\t\t\t\t\t\t<p style=\"text-align: center;\">Baumkreis um die Welt e.V.<br \/>DE19 4306 0967 1313 3700 00<br \/>GLS Bank<br \/>Intended use: Trees of Harmony<\/p>\t\t\t\t\t\t\t\t<\/div>\n\t\t\t\t<\/div>\n\t\t\t\t<div class=\"elementor-element elementor-element-b150f41 elementor-widget elementor-widget-heading\" data-id=\"b150f41\" data-element_type=\"widget\" data-e-type=\"widget\" data-widget_type=\"heading.default\">\n\t\t\t\t<div class=\"elementor-widget-container\">\n\t\t\t\t\t<h2 class=\"elementor-heading-title elementor-size-default\">Paypal<\/h2>\t\t\t\t<\/div>\n\t\t\t\t<\/div>\n\t\t\t\t<div class=\"elementor-element elementor-element-481c03f elementor-widget elementor-widget-html\" data-id=\"481c03f\" data-element_type=\"widget\" data-e-type=\"widget\" data-widget_type=\"html.default\">\n\t\t\t\t<div class=\"elementor-widget-container\">\n\t\t\t\t\t<style>.pp-C3QMNZUUVRTR2{text-align:center;border:none;border-radius:0.25rem;min-width:11.625rem;padding:0 2rem;height:2.625rem;font-weight:bold;background-color:#FFD140;color:#000000;font-family:\"Helvetica Neue\",Arial,sans-serif;font-size:1.5rem;line-height:1.5rem;cursor:pointer;}<\/style>\n<form action=\"https:\/\/www.paypal.com\/ncp\/payment\/C3QMNZUUVRTR2\" method=\"post\" target=\"_blank\" style=\"display:inline-grid;justify-items:center;align-content:start;gap:1rem;\">\n  <input class=\"pp-C3QMNZUUVRTR2\" type=\"submit\" value=\"Donation for trees\" \/>\n  <img src=\"https:\/\/www.paypalobjects.com\/images\/Debit_Credit_APM.svg\" alt=\"cards\" \/>\n  <section style=\"font-size: 1.5rem;\"> Processed via <img decoding=\"async\" src=\"https:\/\/www.paypalobjects.com\/paypal-ui\/logos\/svg\/paypal-wordmark-color.svg\" alt=\"paypal\" style=\"height:1rem;vertical-align:middle;\"\/><\/section>\n<\/form>\t\t\t\t<\/div>\n\t\t\t\t<\/div>\n\t\t\t\t<\/div>\n\t\t\t\t\t<\/div>\n\t\t\t\t<\/div>\n\t\t\t\t\t<\/div>\n\t\t\t\t<\/div>\n\t\t\t\t<\/div>","protected":false},"excerpt":{"rendered":"<p>Trees of Harmony Ohne Bam ka Musi &copy; Hilleken Zeineddine Als Dankesch\u00f6n f\u00fcr unsere kunstvoll aus Holz gefertigten Musikinstrumente m\u00f6chten wir der Natur etwas zur\u00fcckgeben: B\u00e4ume pflanzen, naturnahen Wald f\u00f6rdern, Biodiversit\u00e4t erh\u00f6hen. Wir unterst\u00fctzen den Erhalt und die Pflege entsprechender Baumarten. Martina Sch\u00e4ffer &amp; Baumkreis um die Welt e.V. https:\/\/baumkreisumdiewelt.org\/wp-content\/uploads\/2025\/09\/Landesforstdirektor-DI-Andreas-Amann.mp4 Klangholz &#8211; DI Andreas Amann [&hellip;]<\/p>\n","protected":false},"author":1,"featured_media":0,"parent":0,"menu_order":0,"comment_status":"closed","ping_status":"closed","template":"elementor_header_footer","meta":{"_acf_changed":false,"footnotes":""},"class_list":["post-1089","page","type-page","status-publish","hentry"],"acf":[],"_links":{"self":[{"href":"https:\/\/baumkreisumdiewelt.org\/en\/wp-json\/wp\/v2\/pages\/1089","targetHints":{"allow":["GET"]}}],"collection":[{"href":"https:\/\/baumkreisumdiewelt.org\/en\/wp-json\/wp\/v2\/pages"}],"about":[{"href":"https:\/\/baumkreisumdiewelt.org\/en\/wp-json\/wp\/v2\/types\/page"}],"author":[{"embeddable":true,"href":"https:\/\/baumkreisumdiewelt.org\/en\/wp-json\/wp\/v2\/users\/1"}],"replies":[{"embeddable":true,"href":"https:\/\/baumkreisumdiewelt.org\/en\/wp-json\/wp\/v2\/comments?post=1089"}],"version-history":[{"count":10,"href":"https:\/\/baumkreisumdiewelt.org\/en\/wp-json\/wp\/v2\/pages\/1089\/revisions"}],"predecessor-version":[{"id":1490,"href":"https:\/\/baumkreisumdiewelt.org\/en\/wp-json\/wp\/v2\/pages\/1089\/revisions\/1490"}],"wp:attachment":[{"href":"https:\/\/baumkreisumdiewelt.org\/en\/wp-json\/wp\/v2\/media?parent=1089"}],"curies":[{"name":"wp","href":"https:\/\/api.w.org\/{rel}","templated":true}]}}