{"id":82,"date":"2023-11-22T15:56:15","date_gmt":"2023-11-22T14:56:15","guid":{"rendered":"https:\/\/baumkreisumdiewelt.org\/?page_id=82"},"modified":"2023-11-29T14:58:02","modified_gmt":"2023-11-29T13:58:02","slug":"wer-steht-dahinter","status":"publish","type":"page","link":"https:\/\/baumkreisumdiewelt.org\/en\/wer-steht-dahinter\/","title":{"rendered":"Who is behind it"},"content":{"rendered":"<div data-elementor-type=\"wp-page\" data-elementor-id=\"82\" class=\"elementor elementor-82\" data-elementor-post-type=\"page\">\n\t\t\t\t<div class=\"elementor-element elementor-element-08bd87b e-flex e-con-boxed e-con e-parent\" data-id=\"08bd87b\" data-element_type=\"container\" data-e-type=\"container\" data-settings=\"{&quot;background_background&quot;:&quot;classic&quot;}\">\n\t\t\t\t\t<div class=\"e-con-inner\">\n\t\t<div class=\"elementor-element elementor-element-f06cb78 e-flex e-con-boxed e-con e-child\" data-id=\"f06cb78\" data-element_type=\"container\" data-e-type=\"container\" data-settings=\"{&quot;background_background&quot;:&quot;classic&quot;}\">\n\t\t\t\t\t<div class=\"e-con-inner\">\n\t\t\t\t<div class=\"elementor-element elementor-element-5644df5 elementor-widget elementor-widget-heading\" data-id=\"5644df5\" data-element_type=\"widget\" data-e-type=\"widget\" data-widget_type=\"heading.default\">\n\t\t\t\t<div class=\"elementor-widget-container\">\n\t\t\t\t\t<h2 class=\"elementor-heading-title elementor-size-default\">Who is behind it<\/h2>\t\t\t\t<\/div>\n\t\t\t\t<\/div>\n\t\t\t\t<div class=\"elementor-element elementor-element-8c8c04d elementor-widget elementor-widget-image\" data-id=\"8c8c04d\" data-element_type=\"widget\" data-e-type=\"widget\" data-widget_type=\"image.default\">\n\t\t\t\t<div class=\"elementor-widget-container\">\n\t\t\t\t\t\t\t\t\t\t\t\t<figure class=\"wp-caption\">\n\t\t\t\t\t\t\t\t\t\t<img fetchpriority=\"high\" decoding=\"async\" width=\"2560\" height=\"1920\" src=\"https:\/\/baumkreisumdiewelt.org\/wp-content\/uploads\/2023\/11\/Vereinsgruendung-scaled.jpg\" class=\"attachment-full size-full wp-image-446\" alt=\"\" srcset=\"https:\/\/baumkreisumdiewelt.org\/wp-content\/uploads\/2023\/11\/Vereinsgruendung-scaled.jpg 2560w, https:\/\/baumkreisumdiewelt.org\/wp-content\/uploads\/2023\/11\/Vereinsgruendung-300x225.jpg 300w, https:\/\/baumkreisumdiewelt.org\/wp-content\/uploads\/2023\/11\/Vereinsgruendung-1024x768.jpg 1024w, https:\/\/baumkreisumdiewelt.org\/wp-content\/uploads\/2023\/11\/Vereinsgruendung-768x576.jpg 768w, https:\/\/baumkreisumdiewelt.org\/wp-content\/uploads\/2023\/11\/Vereinsgruendung-1536x1152.jpg 1536w, https:\/\/baumkreisumdiewelt.org\/wp-content\/uploads\/2023\/11\/Vereinsgruendung-2048x1536.jpg 2048w\" sizes=\"(max-width: 2560px) 100vw, 2560px\" \/>\t\t\t\t\t\t\t\t\t\t\t<figcaption class=\"widget-image-caption wp-caption-text\">We at the foundation of our association<\/figcaption>\n\t\t\t\t\t\t\t\t\t\t<\/figure>\n\t\t\t\t\t\t\t\t\t<\/div>\n\t\t\t\t<\/div>\n\t\t<div class=\"elementor-element elementor-element-8ba9ac8 e-con-full e-flex e-con e-child\" data-id=\"8ba9ac8\" data-element_type=\"container\" data-e-type=\"container\">\n\t\t\t\t<div class=\"elementor-element elementor-element-0c5eabf elementor-widget__width-initial elementor-position-top elementor-widget elementor-widget-image-box\" data-id=\"0c5eabf\" data-element_type=\"widget\" data-e-type=\"widget\" data-widget_type=\"image-box.default\">\n\t\t\t\t<div class=\"elementor-widget-container\">\n\t\t\t\t\t<div class=\"elementor-image-box-wrapper\"><figure class=\"elementor-image-box-img\"><img decoding=\"async\" width=\"2560\" height=\"1920\" src=\"https:\/\/baumkreisumdiewelt.org\/wp-content\/uploads\/2023\/11\/Foto-Jonathan-Vorstand--scaled.jpg\" class=\"attachment-full size-full wp-image-443\" alt=\"\" srcset=\"https:\/\/baumkreisumdiewelt.org\/wp-content\/uploads\/2023\/11\/Foto-Jonathan-Vorstand--scaled.jpg 2560w, https:\/\/baumkreisumdiewelt.org\/wp-content\/uploads\/2023\/11\/Foto-Jonathan-Vorstand--300x225.jpg 300w, https:\/\/baumkreisumdiewelt.org\/wp-content\/uploads\/2023\/11\/Foto-Jonathan-Vorstand--1024x768.jpg 1024w, https:\/\/baumkreisumdiewelt.org\/wp-content\/uploads\/2023\/11\/Foto-Jonathan-Vorstand--768x576.jpg 768w, https:\/\/baumkreisumdiewelt.org\/wp-content\/uploads\/2023\/11\/Foto-Jonathan-Vorstand--1536x1152.jpg 1536w, https:\/\/baumkreisumdiewelt.org\/wp-content\/uploads\/2023\/11\/Foto-Jonathan-Vorstand--2048x1536.jpg 2048w\" sizes=\"(max-width: 2560px) 100vw, 2560px\" \/><\/figure><div class=\"elementor-image-box-content\"><h3 class=\"elementor-image-box-title\">Jonathan Felix Lemcke, Secretary, Friedrichshafen<\/h3><p class=\"elementor-image-box-description\">I am part of the tree circle because our togetherness is so special<\/p><\/div><\/div>\t\t\t\t<\/div>\n\t\t\t\t<\/div>\n\t\t\t\t<div class=\"elementor-element elementor-element-8a65196 elementor-widget__width-initial elementor-position-top elementor-widget elementor-widget-image-box\" data-id=\"8a65196\" data-element_type=\"widget\" data-e-type=\"widget\" data-widget_type=\"image-box.default\">\n\t\t\t\t<div class=\"elementor-widget-container\">\n\t\t\t\t\t<div class=\"elementor-image-box-wrapper\"><figure class=\"elementor-image-box-img\"><img decoding=\"async\" width=\"2000\" height=\"1351\" src=\"https:\/\/baumkreisumdiewelt.org\/wp-content\/uploads\/2023\/11\/Tim-Martina-Schaeffer.jpg\" class=\"attachment-full size-full wp-image-451\" alt=\"\" srcset=\"https:\/\/baumkreisumdiewelt.org\/wp-content\/uploads\/2023\/11\/Tim-Martina-Schaeffer.jpg 2000w, https:\/\/baumkreisumdiewelt.org\/wp-content\/uploads\/2023\/11\/Tim-Martina-Schaeffer-300x203.jpg 300w, https:\/\/baumkreisumdiewelt.org\/wp-content\/uploads\/2023\/11\/Tim-Martina-Schaeffer-1024x692.jpg 1024w, https:\/\/baumkreisumdiewelt.org\/wp-content\/uploads\/2023\/11\/Tim-Martina-Schaeffer-768x519.jpg 768w, https:\/\/baumkreisumdiewelt.org\/wp-content\/uploads\/2023\/11\/Tim-Martina-Schaeffer-1536x1038.jpg 1536w\" sizes=\"(max-width: 2000px) 100vw, 2000px\" \/><\/figure><div class=\"elementor-image-box-content\"><h3 class=\"elementor-image-box-title\">Tim Martina Sch\u00e4ffer, 1st deputy chairman, guitar teacher and musician<\/h3><p class=\"elementor-image-box-description\">I love the forest!\n<br>\n<br> Photo \u00a9 Hilleken Zeineddine<\/p><\/div><\/div>\t\t\t\t<\/div>\n\t\t\t\t<\/div>\n\t\t\t\t<div class=\"elementor-element elementor-element-2bf55e5 elementor-widget__width-initial elementor-position-top elementor-widget elementor-widget-image-box\" data-id=\"2bf55e5\" data-element_type=\"widget\" data-e-type=\"widget\" data-widget_type=\"image-box.default\">\n\t\t\t\t<div class=\"elementor-widget-container\">\n\t\t\t\t\t<div class=\"elementor-image-box-wrapper\"><figure class=\"elementor-image-box-img\"><img loading=\"lazy\" decoding=\"async\" width=\"1920\" height=\"2560\" src=\"https:\/\/baumkreisumdiewelt.org\/wp-content\/uploads\/2023\/11\/Alexandra-Reisch-scaled.jpg\" class=\"attachment-full size-full wp-image-450\" alt=\"\" srcset=\"https:\/\/baumkreisumdiewelt.org\/wp-content\/uploads\/2023\/11\/Alexandra-Reisch-scaled.jpg 1920w, https:\/\/baumkreisumdiewelt.org\/wp-content\/uploads\/2023\/11\/Alexandra-Reisch-225x300.jpg 225w, https:\/\/baumkreisumdiewelt.org\/wp-content\/uploads\/2023\/11\/Alexandra-Reisch-768x1024.jpg 768w, https:\/\/baumkreisumdiewelt.org\/wp-content\/uploads\/2023\/11\/Alexandra-Reisch-1152x1536.jpg 1152w, https:\/\/baumkreisumdiewelt.org\/wp-content\/uploads\/2023\/11\/Alexandra-Reisch-1536x2048.jpg 1536w\" sizes=\"(max-width: 1920px) 100vw, 1920px\" \/><\/figure><div class=\"elementor-image-box-content\"><h3 class=\"elementor-image-box-title\">Alexandra Reisch, Advisory Board Member, Head of the \"Jung&amp;Alt\" association in Vienna<\/h3><p class=\"elementor-image-box-description\">I'm on the advisory board because I'm passionate about preserving old trees ... planting new ones to increase diversity and, above all, to counter the threat of land sealing.<\/p><\/div><\/div>\t\t\t\t<\/div>\n\t\t\t\t<\/div>\n\t\t\t\t<div class=\"elementor-element elementor-element-bef758d elementor-widget__width-initial elementor-position-top elementor-widget elementor-widget-image-box\" data-id=\"bef758d\" data-element_type=\"widget\" data-e-type=\"widget\" data-widget_type=\"image-box.default\">\n\t\t\t\t<div class=\"elementor-widget-container\">\n\t\t\t\t\t<div class=\"elementor-image-box-wrapper\"><figure class=\"elementor-image-box-img\"><img loading=\"lazy\" decoding=\"async\" width=\"2448\" height=\"2448\" src=\"https:\/\/baumkreisumdiewelt.org\/wp-content\/uploads\/2023\/11\/Julia-Hainz.jpg\" class=\"attachment-full size-full wp-image-518\" alt=\"\" srcset=\"https:\/\/baumkreisumdiewelt.org\/wp-content\/uploads\/2023\/11\/Julia-Hainz.jpg 2448w, https:\/\/baumkreisumdiewelt.org\/wp-content\/uploads\/2023\/11\/Julia-Hainz-300x300.jpg 300w, https:\/\/baumkreisumdiewelt.org\/wp-content\/uploads\/2023\/11\/Julia-Hainz-1024x1024.jpg 1024w, https:\/\/baumkreisumdiewelt.org\/wp-content\/uploads\/2023\/11\/Julia-Hainz-150x150.jpg 150w, https:\/\/baumkreisumdiewelt.org\/wp-content\/uploads\/2023\/11\/Julia-Hainz-768x768.jpg 768w, https:\/\/baumkreisumdiewelt.org\/wp-content\/uploads\/2023\/11\/Julia-Hainz-1536x1536.jpg 1536w, https:\/\/baumkreisumdiewelt.org\/wp-content\/uploads\/2023\/11\/Julia-Hainz-2048x2048.jpg 2048w\" sizes=\"(max-width: 2448px) 100vw, 2448px\" \/><\/figure><div class=\"elementor-image-box-content\"><h3 class=\"elementor-image-box-title\">Julia Hainz, Advisor, Moderator &amp; Coach, Vienna<\/h3><p class=\"elementor-image-box-description\">I had the honour of leading the \"casting\" of the association officials at the very first association meeting - and it was such a wonderful feeling to be part of it, where everyone found their place as if by themselves, with a lot of feeling and attentiveness - and huge joy and connection. This is how I want us humans to meet each other - and also the nature we live with.<\/p><\/div><\/div>\t\t\t\t<\/div>\n\t\t\t\t<\/div>\n\t\t\t\t<div class=\"elementor-element elementor-element-d6f739f elementor-widget__width-initial elementor-position-top elementor-widget elementor-widget-image-box\" data-id=\"d6f739f\" data-element_type=\"widget\" data-e-type=\"widget\" data-widget_type=\"image-box.default\">\n\t\t\t\t<div class=\"elementor-widget-container\">\n\t\t\t\t\t<div class=\"elementor-image-box-wrapper\"><figure class=\"elementor-image-box-img\"><img loading=\"lazy\" decoding=\"async\" width=\"1680\" height=\"1200\" src=\"https:\/\/baumkreisumdiewelt.org\/wp-content\/uploads\/2023\/11\/Regina-Katerndahl.jpg\" class=\"attachment-full size-full wp-image-502\" alt=\"\" srcset=\"https:\/\/baumkreisumdiewelt.org\/wp-content\/uploads\/2023\/11\/Regina-Katerndahl.jpg 1680w, https:\/\/baumkreisumdiewelt.org\/wp-content\/uploads\/2023\/11\/Regina-Katerndahl-300x214.jpg 300w, https:\/\/baumkreisumdiewelt.org\/wp-content\/uploads\/2023\/11\/Regina-Katerndahl-1024x731.jpg 1024w, https:\/\/baumkreisumdiewelt.org\/wp-content\/uploads\/2023\/11\/Regina-Katerndahl-768x549.jpg 768w, https:\/\/baumkreisumdiewelt.org\/wp-content\/uploads\/2023\/11\/Regina-Katerndahl-1536x1097.jpg 1536w\" sizes=\"(max-width: 1680px) 100vw, 1680px\" \/><\/figure><div class=\"elementor-image-box-content\"><h3 class=\"elementor-image-box-title\">Regina Katerndahl, Chairwoman, IG Metall Berlin<\/h3><p class=\"elementor-image-box-description\">I am involved because it is my practical contribution to this world.<\/p><\/div><\/div>\t\t\t\t<\/div>\n\t\t\t\t<\/div>\n\t\t\t\t<div class=\"elementor-element elementor-element-282be35 elementor-widget__width-initial elementor-position-top elementor-widget elementor-widget-image-box\" data-id=\"282be35\" data-element_type=\"widget\" data-e-type=\"widget\" data-widget_type=\"image-box.default\">\n\t\t\t\t<div class=\"elementor-widget-container\">\n\t\t\t\t\t<div class=\"elementor-image-box-wrapper\"><figure class=\"elementor-image-box-img\"><img loading=\"lazy\" decoding=\"async\" width=\"2112\" height=\"1600\" src=\"https:\/\/baumkreisumdiewelt.org\/wp-content\/uploads\/2023\/11\/Kassenprueferinnen.jpeg\" class=\"attachment-full size-full wp-image-452\" alt=\"\" srcset=\"https:\/\/baumkreisumdiewelt.org\/wp-content\/uploads\/2023\/11\/Kassenprueferinnen.jpeg 2112w, https:\/\/baumkreisumdiewelt.org\/wp-content\/uploads\/2023\/11\/Kassenprueferinnen-300x227.jpeg 300w, https:\/\/baumkreisumdiewelt.org\/wp-content\/uploads\/2023\/11\/Kassenprueferinnen-1024x776.jpeg 1024w, https:\/\/baumkreisumdiewelt.org\/wp-content\/uploads\/2023\/11\/Kassenprueferinnen-768x582.jpeg 768w, https:\/\/baumkreisumdiewelt.org\/wp-content\/uploads\/2023\/11\/Kassenprueferinnen-1536x1164.jpeg 1536w, https:\/\/baumkreisumdiewelt.org\/wp-content\/uploads\/2023\/11\/Kassenprueferinnen-2048x1552.jpeg 2048w\" sizes=\"(max-width: 2112px) 100vw, 2112px\" \/><\/figure><div class=\"elementor-image-box-content\"><h3 class=\"elementor-image-box-title\">Edith Kistler, 1st cash auditor &amp; Christine Kukula, 2nd cash auditor<\/h3><p class=\"elementor-image-box-description\">Christine: I am involved because I wish us, the children and the next generations a lively and healthy existence in community with each other and with our brothers and sisters, the trees, plants and animals.<\/p><\/div><\/div>\t\t\t\t<\/div>\n\t\t\t\t<\/div>\n\t\t\t\t<div class=\"elementor-element elementor-element-4031c7b elementor-widget__width-initial elementor-position-top elementor-widget elementor-widget-image-box\" data-id=\"4031c7b\" data-element_type=\"widget\" data-e-type=\"widget\" data-widget_type=\"image-box.default\">\n\t\t\t\t<div class=\"elementor-widget-container\">\n\t\t\t\t\t<div class=\"elementor-image-box-wrapper\"><figure class=\"elementor-image-box-img\"><img loading=\"lazy\" decoding=\"async\" width=\"2560\" height=\"2154\" src=\"https:\/\/baumkreisumdiewelt.org\/wp-content\/uploads\/2023\/11\/Susanne-Johannsmann-scaled.jpg\" class=\"attachment-full size-full wp-image-492\" alt=\"\" srcset=\"https:\/\/baumkreisumdiewelt.org\/wp-content\/uploads\/2023\/11\/Susanne-Johannsmann-scaled.jpg 2560w, https:\/\/baumkreisumdiewelt.org\/wp-content\/uploads\/2023\/11\/Susanne-Johannsmann-300x252.jpg 300w, https:\/\/baumkreisumdiewelt.org\/wp-content\/uploads\/2023\/11\/Susanne-Johannsmann-1024x862.jpg 1024w, https:\/\/baumkreisumdiewelt.org\/wp-content\/uploads\/2023\/11\/Susanne-Johannsmann-768x646.jpg 768w, https:\/\/baumkreisumdiewelt.org\/wp-content\/uploads\/2023\/11\/Susanne-Johannsmann-1536x1292.jpg 1536w, https:\/\/baumkreisumdiewelt.org\/wp-content\/uploads\/2023\/11\/Susanne-Johannsmann-2048x1723.jpg 2048w\" sizes=\"(max-width: 2560px) 100vw, 2560px\" \/><\/figure><div class=\"elementor-image-box-content\"><h3 class=\"elementor-image-box-title\">Susanne Johannsmann, Advisory Board member, bicycle dealer<\/h3><p class=\"elementor-image-box-description\">At home south of Kassel, always a nature lover. \n<br> \nI am enthusiastic about the concept of the forest garden and my dream is to initiate one myself.\n<br>  \nBeing part of the tree circle around the world is like coming home for me, working together with like-minded people on a shared vision is great, brings me joy and gives me courage.<\/p><\/div><\/div>\t\t\t\t<\/div>\n\t\t\t\t<\/div>\n\t\t\t\t<div class=\"elementor-element elementor-element-e1ef220 elementor-widget__width-initial elementor-position-top elementor-widget elementor-widget-image-box\" data-id=\"e1ef220\" data-element_type=\"widget\" data-e-type=\"widget\" data-widget_type=\"image-box.default\">\n\t\t\t\t<div class=\"elementor-widget-container\">\n\t\t\t\t\t<div class=\"elementor-image-box-wrapper\"><figure class=\"elementor-image-box-img\"><img loading=\"lazy\" decoding=\"async\" width=\"1869\" height=\"2095\" src=\"https:\/\/baumkreisumdiewelt.org\/wp-content\/uploads\/2023\/11\/Helene-Weber-Koepf_.jpg\" class=\"attachment-full size-full wp-image-514\" alt=\"\" srcset=\"https:\/\/baumkreisumdiewelt.org\/wp-content\/uploads\/2023\/11\/Helene-Weber-Koepf_.jpg 1869w, https:\/\/baumkreisumdiewelt.org\/wp-content\/uploads\/2023\/11\/Helene-Weber-Koepf_-268x300.jpg 268w, https:\/\/baumkreisumdiewelt.org\/wp-content\/uploads\/2023\/11\/Helene-Weber-Koepf_-914x1024.jpg 914w, https:\/\/baumkreisumdiewelt.org\/wp-content\/uploads\/2023\/11\/Helene-Weber-Koepf_-768x861.jpg 768w, https:\/\/baumkreisumdiewelt.org\/wp-content\/uploads\/2023\/11\/Helene-Weber-Koepf_-1370x1536.jpg 1370w, https:\/\/baumkreisumdiewelt.org\/wp-content\/uploads\/2023\/11\/Helene-Weber-Koepf_-1827x2048.jpg 1827w\" sizes=\"(max-width: 1869px) 100vw, 1869px\" \/><\/figure><div class=\"elementor-image-box-content\"><h3 class=\"elementor-image-box-title\">Helene Weber-K\u00f6pf, Treasurer<\/h3><p class=\"elementor-image-box-description\">I am a mother of two children, live in a housing project in Vienna, manage the finances at the Pioneers of Change and love the mountains.<br> I dream of all people actively knowing what wonderful beings we owe our breathing air to.<\/p><\/div><\/div>\t\t\t\t<\/div>\n\t\t\t\t<\/div>\n\t\t\t\t<div class=\"elementor-element elementor-element-8ac8260 elementor-widget__width-initial elementor-position-top elementor-widget elementor-widget-image-box\" data-id=\"8ac8260\" data-element_type=\"widget\" data-e-type=\"widget\" data-widget_type=\"image-box.default\">\n\t\t\t\t<div class=\"elementor-widget-container\">\n\t\t\t\t\t<div class=\"elementor-image-box-wrapper\"><figure class=\"elementor-image-box-img\"><img loading=\"lazy\" decoding=\"async\" width=\"1920\" height=\"2560\" src=\"https:\/\/baumkreisumdiewelt.org\/wp-content\/uploads\/2023\/11\/Reinhold-Obermayr-scaled.jpg\" class=\"attachment-full size-full wp-image-522\" alt=\"\" srcset=\"https:\/\/baumkreisumdiewelt.org\/wp-content\/uploads\/2023\/11\/Reinhold-Obermayr-scaled.jpg 1920w, https:\/\/baumkreisumdiewelt.org\/wp-content\/uploads\/2023\/11\/Reinhold-Obermayr-225x300.jpg 225w, https:\/\/baumkreisumdiewelt.org\/wp-content\/uploads\/2023\/11\/Reinhold-Obermayr-768x1024.jpg 768w, https:\/\/baumkreisumdiewelt.org\/wp-content\/uploads\/2023\/11\/Reinhold-Obermayr-1152x1536.jpg 1152w, https:\/\/baumkreisumdiewelt.org\/wp-content\/uploads\/2023\/11\/Reinhold-Obermayr-1536x2048.jpg 1536w\" sizes=\"(max-width: 1920px) 100vw, 1920px\" \/><\/figure><div class=\"elementor-image-box-content\"><h3 class=\"elementor-image-box-title\">Reinhold Obermayr, 2nd Deputy Chairman, retired in East Tyrol<\/h3><p class=\"elementor-image-box-description\">I am a gifted grandfather of two wonderful grandchildren and would like us to preserve an environment worth living in for them with lots of trees and healthy forests. HO!<\/p><\/div><\/div>\t\t\t\t<\/div>\n\t\t\t\t<\/div>\n\t\t\t\t<\/div>\n\t\t\t\t\t<\/div>\n\t\t\t\t<\/div>\n\t\t<div class=\"elementor-element elementor-element-4725854 e-flex e-con-boxed e-con e-child\" data-id=\"4725854\" data-element_type=\"container\" data-e-type=\"container\" data-settings=\"{&quot;background_background&quot;:&quot;classic&quot;}\">\n\t\t\t\t\t<div class=\"e-con-inner\">\n\t\t\t\t<div class=\"elementor-element elementor-element-5953a01 elementor-widget elementor-widget-menu-anchor\" data-id=\"5953a01\" data-element_type=\"widget\" data-e-type=\"widget\" data-widget_type=\"menu-anchor.default\">\n\t\t\t\t<div class=\"elementor-widget-container\">\n\t\t\t\t\t\t\t<div class=\"elementor-menu-anchor\" id=\"mitglied\"><\/div>\n\t\t\t\t\t\t<\/div>\n\t\t\t\t<\/div>\n\t\t\t\t<div class=\"elementor-element elementor-element-4c3d1ca elementor-widget elementor-widget-heading\" data-id=\"4c3d1ca\" data-element_type=\"widget\" data-e-type=\"widget\" data-widget_type=\"heading.default\">\n\t\t\t\t<div class=\"elementor-widget-container\">\n\t\t\t\t\t<h2 class=\"elementor-heading-title elementor-size-default\">Become a member<\/h2>\t\t\t\t<\/div>\n\t\t\t\t<\/div>\n\t\t\t\t<div class=\"elementor-element elementor-element-09b1c03 elementor-widget elementor-widget-text-editor\" data-id=\"09b1c03\" data-element_type=\"widget\" data-e-type=\"widget\" data-widget_type=\"text-editor.default\">\n\t\t\t\t<div class=\"elementor-widget-container\">\n\t\t\t\t\t\t\t\t\t<p>Can you identify with our ideas and goals and would like to get actively involved in the organisation? Do you think one tree donation is not enough and would like to get involved more often and regularly? Become a member of our organisation and help us make a positive impact on the world. <a href=\"https:\/\/baumkreisumdiewelt.org\/en\/infos-zum-verein\/\">Here<\/a> you will find our statutes and detailed information on how you can become part of our idea.\u00a0<\/p>\t\t\t\t\t\t\t\t<\/div>\n\t\t\t\t<\/div>\n\t\t\t\t\t<\/div>\n\t\t\t\t<\/div>\n\t\t\t\t\t<\/div>\n\t\t\t\t<\/div>\n\t\t\t\t<\/div>","protected":false},"excerpt":{"rendered":"<p>Wer dahinter steht Wir bei unserer Vereinsgr\u00fcndung Jonathan Felix Lemcke, Schriftf\u00fchrer, Friedrichshafen Beim Baumkreis bin ich dabei, weil unser Miteinander so besonders ist Tim Martina Sch\u00e4ffer, 1. stellvertrende(r) Vorsitzende(r), Gitarrenlehrer und Musiker Ich liebe den Wald! Foto &copy; Hilleken Zeineddine Alexandra Reisch, Beir\u00e4tin, Leiterin des Vereins \u201eJung&#038;Alt\u201c in Wien Ich bin im Beirat, weil ich [&hellip;]<\/p>\n","protected":false},"author":1,"featured_media":0,"parent":0,"menu_order":0,"comment_status":"closed","ping_status":"closed","template":"elementor_header_footer","meta":{"_acf_changed":false,"footnotes":""},"class_list":["post-82","page","type-page","status-publish","hentry"],"acf":[],"_links":{"self":[{"href":"https:\/\/baumkreisumdiewelt.org\/en\/wp-json\/wp\/v2\/pages\/82","targetHints":{"allow":["GET"]}}],"collection":[{"href":"https:\/\/baumkreisumdiewelt.org\/en\/wp-json\/wp\/v2\/pages"}],"about":[{"href":"https:\/\/baumkreisumdiewelt.org\/en\/wp-json\/wp\/v2\/types\/page"}],"author":[{"embeddable":true,"href":"https:\/\/baumkreisumdiewelt.org\/en\/wp-json\/wp\/v2\/users\/1"}],"replies":[{"embeddable":true,"href":"https:\/\/baumkreisumdiewelt.org\/en\/wp-json\/wp\/v2\/comments?post=82"}],"version-history":[{"count":10,"href":"https:\/\/baumkreisumdiewelt.org\/en\/wp-json\/wp\/v2\/pages\/82\/revisions"}],"predecessor-version":[{"id":587,"href":"https:\/\/baumkreisumdiewelt.org\/en\/wp-json\/wp\/v2\/pages\/82\/revisions\/587"}],"wp:attachment":[{"href":"https:\/\/baumkreisumdiewelt.org\/en\/wp-json\/wp\/v2\/media?parent=82"}],"curies":[{"name":"wp","href":"https:\/\/api.w.org\/{rel}","templated":true}]}}