{"id":1088,"date":"2025-07-02T16:30:56","date_gmt":"2025-07-02T14:30:56","guid":{"rendered":"https:\/\/baumkreisumdiewelt.org\/accessibility-statement\/"},"modified":"2025-07-02T16:30:56","modified_gmt":"2025-07-02T14:30:56","slug":"accessibility-statement","status":"publish","type":"page","link":"https:\/\/baumkreisumdiewelt.org\/es\/accessibility-statement\/","title":{"rendered":"Declaraci\u00f3n de accesibilidad"},"content":{"rendered":"<h6 class=\"wp-block-heading has-text-align-center\">Declaraci\u00f3n de accesibilidad para https:\/\/baumkreisumdiewelt.org<\/h6>\n\n\n<p><strong>Verein Baumkreis um die Welt e.V.<\/strong> se compromete a garantizar la accesibilidad digital de las personas con discapacidad. Mejoramos continuamente la experiencia de usuario para todos y aplicamos las normas de accesibilidad pertinentes.<\/p>\n\n\n<h6 class=\"wp-block-heading\">Estado de conformidad<\/h6>\n\n\n<p>Las Pautas de Accesibilidad al Contenido en la Web (WCAG) definen los requisitos para que dise\u00f1adores y desarrolladores mejoren la accesibilidad de las personas con discapacidad. Define tres niveles de conformidad: Nivel A, Nivel AA y Nivel AAA.<\/p>\n\n\n<p><strong>Verein Baumkreis um die Welt e.V.<\/strong> se esfuerza constantemente por mejorar la accesibilidad de su sitio web y sus servicios, convencida de que es nuestra obligaci\u00f3n moral colectiva permitir un uso fluido, accesible y sin trabas a las personas con discapacidad.<\/p>\n\n\n<p>Nuestro objetivo es que todas las p\u00e1ginas y contenidos de <strong>https:\/\/baumkreisumdiewelt.org<\/strong> accesibles, pero es posible que algunos contenidos a\u00fan no cumplan plenamente las normas m\u00e1s estrictas de accesibilidad. Esto puede deberse a problemas a la hora de encontrar la soluci\u00f3n tecnol\u00f3gica m\u00e1s adecuada.<\/p>\n\n\n<p>Podemos revisar esta Declaraci\u00f3n peri\u00f3dicamente para reflejar mejoras o cambios en nuestras pr\u00e1cticas de accesibilidad.<\/p>\n\n\n<h6 class=\"wp-block-heading\">Comentarios<\/h6>\n\n\n<p>Agradecemos sus comentarios sobre la accesibilidad de <strong>Verein Baumkreis um die Welt e.V.<\/strong> sitio web. Por favor, inf\u00f3rmenos si encuentra barreras de accesibilidad en nuestro sitio web:<\/p>\n\n\n<p>Correo electr\u00f3nico: <strong>info@baumkreisumdiewelt.org<\/strong><\/p>\n\n\n<p>Intentamos responder a los comentarios en un plazo de 3 a 5 d\u00edas laborables.<\/p>\n\n\n<p>Esta declaraci\u00f3n se cre\u00f3 el 2.7.2025. <\/p>","protected":false},"excerpt":{"rendered":"<p>Accessibility Statement for https:\/\/baumkreisumdiewelt.org Verein Baumkreis um die Welt e.V. is committed to ensuring digital accessibility for people with disabilities. We are continually improving the user experience for everyone and applying the relevant accessibility standards. Conformance status The Web Content Accessibility Guidelines (WCAG) defines requirements for designers and developers to improve accessibility for people with [&hellip;]<\/p>\n","protected":false},"author":1,"featured_media":0,"parent":0,"menu_order":0,"comment_status":"closed","ping_status":"closed","template":"","meta":{"_acf_changed":false,"footnotes":""},"class_list":["post-1088","page","type-page","status-publish","hentry"],"acf":[],"_links":{"self":[{"href":"https:\/\/baumkreisumdiewelt.org\/es\/wp-json\/wp\/v2\/pages\/1088","targetHints":{"allow":["GET"]}}],"collection":[{"href":"https:\/\/baumkreisumdiewelt.org\/es\/wp-json\/wp\/v2\/pages"}],"about":[{"href":"https:\/\/baumkreisumdiewelt.org\/es\/wp-json\/wp\/v2\/types\/page"}],"author":[{"embeddable":true,"href":"https:\/\/baumkreisumdiewelt.org\/es\/wp-json\/wp\/v2\/users\/1"}],"replies":[{"embeddable":true,"href":"https:\/\/baumkreisumdiewelt.org\/es\/wp-json\/wp\/v2\/comments?post=1088"}],"version-history":[{"count":0,"href":"https:\/\/baumkreisumdiewelt.org\/es\/wp-json\/wp\/v2\/pages\/1088\/revisions"}],"wp:attachment":[{"href":"https:\/\/baumkreisumdiewelt.org\/es\/wp-json\/wp\/v2\/media?parent=1088"}],"curies":[{"name":"wp","href":"https:\/\/api.w.org\/{rel}","templated":true}]}}