{"id":11,"date":"2023-11-16T15:08:58","date_gmt":"2023-11-16T14:08:58","guid":{"rendered":"https:\/\/baumkreisumdiewelt.org\/?page_id=11"},"modified":"2026-04-01T09:58:28","modified_gmt":"2026-04-01T07:58:28","slug":"unsere-interaktive-baumkarte","status":"publish","type":"page","link":"https:\/\/baumkreisumdiewelt.org\/es\/unsere-interaktive-baumkarte\/","title":{"rendered":"Nuestro mapa interactivo del \u00e1rbol"},"content":{"rendered":"\t\t<div data-elementor-type=\"wp-page\" data-elementor-id=\"11\" class=\"elementor elementor-11\" data-elementor-post-type=\"page\">\n\t\t\t\t<div class=\"elementor-element elementor-element-ffa8200 e-flex e-con-boxed e-con e-parent\" data-id=\"ffa8200\" data-element_type=\"container\" data-e-type=\"container\" data-settings=\"{&quot;background_background&quot;:&quot;classic&quot;}\">\n\t\t\t\t\t<div class=\"e-con-inner\">\n\t\t<div class=\"elementor-element elementor-element-af4c940 e-con-full e-flex e-con e-child\" data-id=\"af4c940\" data-element_type=\"container\" data-e-type=\"container\" data-settings=\"{&quot;background_background&quot;:&quot;classic&quot;}\">\n\t\t\t\t<div class=\"elementor-element elementor-element-d13de85 elementor-widget elementor-widget-heading\" data-id=\"d13de85\" data-element_type=\"widget\" data-e-type=\"widget\" data-widget_type=\"heading.default\">\n\t\t\t\t<div class=\"elementor-widget-container\">\n\t\t\t\t\t<h2 class=\"elementor-heading-title elementor-size-default\">Interaktive Baumkarte<\/h2>\t\t\t\t<\/div>\n\t\t\t\t<\/div>\n\t\t<div class=\"elementor-element elementor-element-0cd8006 e-flex e-con-boxed e-con e-child\" data-id=\"0cd8006\" data-element_type=\"container\" data-e-type=\"container\">\n\t\t\t\t\t<div class=\"e-con-inner\">\n\t\t\t\t<div class=\"elementor-element elementor-element-349ff05 elementor-widget elementor-widget-text-editor\" data-id=\"349ff05\" data-element_type=\"widget\" data-e-type=\"widget\" data-widget_type=\"text-editor.default\">\n\t\t\t\t<div class=\"elementor-widget-container\">\n\t\t\t\t\t\t\t\t\t<p>Sieh dir auf unserer Karte an, wo schon B\u00e4ume gepflanzt wurden. Entdecke die Geschichten dahinter. Sei Teil einer gro\u00dfartigen Idee und f\u00fcge deinen eigenen gepflanzten Baum (oder B\u00e4ume \ud83d\ude09) hinzu.<\/p>\t\t\t\t\t\t\t\t<\/div>\n\t\t\t\t<\/div>\n\t\t\t\t\t<\/div>\n\t\t\t\t<\/div>\n\t\t\t\t<\/div>\n\t\t<div class=\"elementor-element elementor-element-199e645 e-flex e-con-boxed e-con e-child\" data-id=\"199e645\" data-element_type=\"container\" data-e-type=\"container\" data-settings=\"{&quot;background_background&quot;:&quot;classic&quot;}\">\n\t\t\t\t\t<div class=\"e-con-inner\">\n\t\t\t\t<div class=\"elementor-element elementor-element-636f26c elementor-widget elementor-widget-html\" data-id=\"636f26c\" data-element_type=\"widget\" data-e-type=\"widget\" data-widget_type=\"html.default\">\n\t\t\t\t<div class=\"elementor-widget-container\">\n\t\t\t\t\t<div id='baumkreismap' style='height:500px;'>Karte wird geladen...<\/div>\t\t\t\t<\/div>\n\t\t\t\t<\/div>\n\t\t\t\t\t<\/div>\n\t\t\t\t<\/div>\n\t\t<div class=\"elementor-element elementor-element-5e51534 e-con-full e-flex e-con e-child\" data-id=\"5e51534\" data-element_type=\"container\" data-e-type=\"container\" data-settings=\"{&quot;background_background&quot;:&quot;classic&quot;}\">\n\t\t\t\t<div class=\"elementor-element elementor-element-f0995cb elementor-widget elementor-widget-heading\" data-id=\"f0995cb\" data-element_type=\"widget\" data-e-type=\"widget\" data-widget_type=\"heading.default\">\n\t\t\t\t<div class=\"elementor-widget-container\">\n\t\t\t\t\t<h2 class=\"elementor-heading-title elementor-size-default\">Die Idee dahinter<\/h2>\t\t\t\t<\/div>\n\t\t\t\t<\/div>\n\t\t<div class=\"elementor-element elementor-element-9e7cae2 e-flex e-con-boxed e-con e-child\" data-id=\"9e7cae2\" data-element_type=\"container\" data-e-type=\"container\">\n\t\t\t\t\t<div class=\"e-con-inner\">\n\t\t\t\t<div class=\"elementor-element elementor-element-4e7ce84 elementor-widget elementor-widget-text-editor\" data-id=\"4e7ce84\" data-element_type=\"widget\" data-e-type=\"widget\" data-widget_type=\"text-editor.default\">\n\t\t\t\t<div class=\"elementor-widget-container\">\n\t\t\t\t\t\t\t\t\t<p>Viele Menschen setzen B\u00e4ume. Daheim im Garten, im Wald, auf Reisen, \u2026 Einzelne oder ganz viele. Wir m\u00f6chten das unterst\u00fctzen und verst\u00e4rken, mit dem Ziel, dass weltweit insgesamt mehr B\u00e4ume neu wachsen als verschwinden. Umgerechnet w\u00e4ren das circa 3 B\u00e4ume pro Mensch und Jahr. Damit wir sp\u00fcren, dass wir damit nicht alleine sind, dass es viele gibt, die B\u00e4ume als Geschenk f\u00fcr die Welt pflanzen, wollen wir die Verbindung zwischen den B\u00e4umen \u2013 und den Menschen, die sich daf\u00fcr einsetzen \u2013 sichtbar machen. Daf\u00fcr gibt es die interaktive Baumkarte, wo jede und jeder die neu gepflanzten B\u00e4ume eintragen kann. Mach mit und sei Teil des Baumkreis um die Welt!<\/p><p><strong>Wie? Ganz einfach:<\/strong><\/p><p>Schritt 1) Du pflanzt einen Baum oder mehrere<\/p><p>Schritt 2) Du segnest den Baum, wenn du m\u00f6chtest \u2013 etwa mit einem Lied oder einer Widmung<\/p><p>Schritt 3) Du f\u00fcllst unser <a href=\"https:\/\/baumkreisumdiewelt.org\/map\/\">Formular<\/a> aus und schickst uns dein Foto \u2013 auch die Geschichte zum Baum ist willkommen<\/p><p>Schritt 4) Dein Baumfoto kommt mit Infos zum Standort hier auf unsere Seite*<br \/><br \/><\/p><p><em>*Wichtiger Hinweis: Bitte achte darauf, dass alle Personen, die auf dem Foto zu sehen sind, mit der Ver\u00f6ffentlichung im Internet einverstanden sind.<\/em><\/p>\t\t\t\t\t\t\t\t<\/div>\n\t\t\t\t<\/div>\n\t\t\t\t<div class=\"elementor-element elementor-element-a7eaebc elementor-widget elementor-widget-text-editor\" data-id=\"a7eaebc\" data-element_type=\"widget\" data-e-type=\"widget\" data-widget_type=\"text-editor.default\">\n\t\t\t\t<div class=\"elementor-widget-container\">\n\t\t\t\t\t\t\t\t\tWichtige Infos:\n<ul>\n \t<li>Bitte stelle sicher, dass Personen, die sich auf dem Bild befinden, mit der Ver\u00f6ffentlichung einverstanden sind.\u00a0Ein Formular f\u00fcr Bildrechte findest du unten beim Bildrechte-Service<\/span><\/li>\n \t<li>Um die GPS-Daten herauszufinden, kannst du ganz leicht den Standort deines Baumes oben in der Karte markieren. L\u00e4ngen- und Breitengrad werden dann automatisch in das Formular \u00fcbernommen.<\/li>\n \t<li>Solltest du (aus welchen Gr\u00fcnden auch immer) nicht mehr wollen, dass sich dein Bild und die Geschichte dazu auf unserer Webseite befinden, dann schick uns bitte ein Mail an info@baumkreisumdiewelt.org. Wir werden deine Informationen umgehend entfernen.<\/li>\n<\/ul>\t\t\t\t\t\t\t\t<\/div>\n\t\t\t\t<\/div>\n\t\t\t\t\t<\/div>\n\t\t\t\t<\/div>\n\t\t<div class=\"elementor-element elementor-element-7e9a4e1 e-con-full e-flex e-con e-child\" data-id=\"7e9a4e1\" data-element_type=\"container\" data-e-type=\"container\">\n\t\t\t\t<div class=\"elementor-element elementor-element-e621a7d elementor-widget elementor-widget-menu-anchor\" data-id=\"e621a7d\" data-element_type=\"widget\" data-e-type=\"widget\" data-widget_type=\"menu-anchor.default\">\n\t\t\t\t<div class=\"elementor-widget-container\">\n\t\t\t\t\t\t\t<div class=\"elementor-menu-anchor\" id=\"formular\"><\/div>\n\t\t\t\t\t\t<\/div>\n\t\t\t\t<\/div>\n\t\t\t\t<div class=\"elementor-element elementor-element-fe6d112 elementor-widget elementor-widget-heading\" data-id=\"fe6d112\" data-element_type=\"widget\" data-e-type=\"widget\" data-widget_type=\"heading.default\">\n\t\t\t\t<div class=\"elementor-widget-container\">\n\t\t\t\t\t<h2 class=\"elementor-heading-title elementor-size-default\">Ich habe einen Baum gepflanzt!<\/h2>\t\t\t\t<\/div>\n\t\t\t\t<\/div>\n\t\t\t\t<div class=\"elementor-element elementor-element-4a3f279 elementor-button-align-start elementor-widget elementor-widget-form\" data-id=\"4a3f279\" data-element_type=\"widget\" data-e-type=\"widget\" data-settings=\"{&quot;button_width&quot;:&quot;50&quot;,&quot;step_next_label&quot;:&quot;N\\u00e4chster&quot;,&quot;step_previous_label&quot;:&quot;Voriger&quot;,&quot;step_type&quot;:&quot;number_text&quot;,&quot;step_icon_shape&quot;:&quot;circle&quot;}\" data-widget_type=\"form.default\">\n\t\t\t\t<div class=\"elementor-widget-container\">\n\t\t\t\t\t\t\t<form class=\"elementor-form\" method=\"post\" name=\"Baum pflanzen\" aria-label=\"Baum pflanzen\">\n\t\t\t<input type=\"hidden\" name=\"post_id\" value=\"11\"\/>\n\t\t\t<input type=\"hidden\" name=\"form_id\" value=\"4a3f279\"\/>\n\t\t\t<input type=\"hidden\" name=\"referer_title\" value=\"Unsere interaktive Baumkarte - Baumkreis um die Welt\" \/>\n\n\t\t\t\t\t\t\t<input type=\"hidden\" name=\"queried_id\" value=\"11\"\/>\n\t\t\t\n\t\t\t<div class=\"elementor-form-fields-wrapper elementor-labels-above\">\n\t\t\t\t\t\t\t\t<div class=\"elementor-field-type-text elementor-field-group elementor-column elementor-field-group-name elementor-col-100\">\n\t\t\t\t\t\t\t\t\t\t\t\t\t<input size=\"1\" type=\"text\" name=\"form_fields[name]\" id=\"form-field-name\" class=\"elementor-field elementor-size-sm  elementor-field-textual\" placeholder=\"Name\">\n\t\t\t\t\t\t\t\t\t\t\t<\/div>\n\t\t\t\t\t\t\t\t<div class=\"elementor-field-type-number elementor-field-group elementor-column elementor-field-group-anzahl_der_baume elementor-col-40 elementor-field-required\">\n\t\t\t\t\t\t\t\t<input type=\"number\" name=\"form_fields[anzahl_der_baume]\" id=\"form-field-anzahl_der_baume\" class=\"elementor-field elementor-size-sm  elementor-field-textual\" placeholder=\"Anzahl der B\u00e4ume (1-500)*\" required=\"required\" min=\"1\" max=\"500\" >\n\t\t\t\t\t\t<\/div>\n\t\t\t\t\t\t\t\t<div class=\"elementor-field-type-textarea elementor-field-group elementor-column elementor-field-group-field_e8f10d8 elementor-col-100 elementor-field-required\">\n\t\t\t\t\t<textarea class=\"elementor-field-textual elementor-field  elementor-size-sm\" name=\"form_fields[field_e8f10d8]\" id=\"form-field-field_e8f10d8\" rows=\"4\" placeholder=\"Wo steht dein Baum?* Bitte markiere deinen Baum auf der Karte oben, dann werden die GPS-Daten ins Formular \u00fcbernommen. Gerne kannst du uns in diesem Feld zus\u00e4tzlich die &quot;normale&quot; Adresse mitteilen.\" required=\"required\"><\/textarea>\t\t\t\t<\/div>\n\t\t\t\t\t\t\t\t<div class=\"elementor-field-type-textarea elementor-field-group elementor-column elementor-field-group-geschichte elementor-col-100\">\n\t\t\t\t\t<textarea class=\"elementor-field-textual elementor-field  elementor-size-sm\" name=\"form_fields[geschichte]\" id=\"form-field-geschichte\" rows=\"4\" placeholder=\"Erz\u00e4hl uns die Geschichte zu deinem Baum\"><\/textarea>\t\t\t\t<\/div>\n\t\t\t\t\t\t\t\t<div class=\"elementor-field-type-textarea elementor-field-group elementor-column elementor-field-group-baum elementor-col-100\">\n\t\t\t\t\t<textarea class=\"elementor-field-textual elementor-field  elementor-size-sm\" name=\"form_fields[baum]\" id=\"form-field-baum\" rows=\"4\" placeholder=\"Mein Baum ist ein(e) (z.B. Eiche, Buche, Ahorn o.\u00e4.)\"><\/textarea>\t\t\t\t<\/div>\n\t\t\t\t\t\t\t\t<div class=\"elementor-field-type-url elementor-field-group elementor-column elementor-field-group-link elementor-col-100\">\n\t\t\t\t\t\t\t\t\t\t\t\t\t<input size=\"1\" type=\"url\" name=\"form_fields[link]\" id=\"form-field-link\" class=\"elementor-field elementor-size-sm  elementor-field-textual\" placeholder=\"Link zu einer Webseite \/ Facebook Post etc.\">\n\t\t\t\t\t\t\t\t\t\t\t<\/div>\n\t\t\t\t\t\t\t\t<div class=\"elementor-field-type-date elementor-field-group elementor-column elementor-field-group-datum elementor-col-100\">\n\t\t\t\t\t\n\t\t<input type=\"date\" name=\"form_fields[datum]\" id=\"form-field-datum\" class=\"elementor-field elementor-size-sm  elementor-field-textual elementor-date-field\" placeholder=\"Datum der Pflanzung\" pattern=\"[0-9]{4}-[0-9]{2}-[0-9]{2}\">\n\t\t\t\t\t\t<\/div>\n\t\t\t\t\t\t\t\t<div class=\"elementor-field-type-text elementor-field-group elementor-column elementor-field-group-longitude elementor-col-100\">\n\t\t\t\t\t\t\t\t\t\t\t\t\t<input size=\"1\" type=\"text\" name=\"form_fields[longitude]\" id=\"form-field-longitude\" class=\"elementor-field elementor-size-sm  elementor-field-textual\" placeholder=\"L\u00e4ngengrad - markiere den Baum in der Karte, damit der L\u00e4ngengrad \u00fcbernommen wird.\">\n\t\t\t\t\t\t\t\t\t\t\t<\/div>\n\t\t\t\t\t\t\t\t<div class=\"elementor-field-type-text elementor-field-group elementor-column elementor-field-group-latitude elementor-col-100\">\n\t\t\t\t\t\t\t\t\t\t\t\t\t<input size=\"1\" type=\"text\" name=\"form_fields[latitude]\" id=\"form-field-latitude\" class=\"elementor-field elementor-size-sm  elementor-field-textual\" placeholder=\"Breitengrad - markiere den Baum in der Karte, damit der Breitengrad \u00fcbernommen wird.\">\n\t\t\t\t\t\t\t\t\t\t\t<\/div>\n\t\t\t\t\t\t\t\t<div class=\"elementor-field-type-text elementor-field-group elementor-column elementor-field-group-email elementor-col-100\">\n\t\t\t\t\t\t\t\t\t\t\t\t\t<input size=\"1\" type=\"text\" name=\"form_fields[email]\" id=\"form-field-email\" class=\"elementor-field elementor-size-sm  elementor-field-textual\" placeholder=\"Email f\u00fcr R\u00fcckfragen\">\n\t\t\t\t\t\t\t\t\t\t\t<\/div>\n\t\t\t\t\t\t\t\t<div class=\"elementor-field-type-acceptance elementor-field-group elementor-column elementor-field-group-field_1c00e84 elementor-col-100 elementor-field-required\">\n\t\t\t\t\t\t\t<div class=\"elementor-field-subgroup\">\n\t\t\t<span class=\"elementor-field-option\">\n\t\t\t\t<input type=\"checkbox\" name=\"form_fields[field_1c00e84]\" id=\"form-field-field_1c00e84\" class=\"elementor-field elementor-size-sm  elementor-acceptance-field\" required=\"required\">\n\t\t\t\t<label for=\"form-field-field_1c00e84\">Mit dem Absenden des Formulares erkl\u00e4re ich mich damit einverstanden, dass meine Angaben auf der Webseite ver\u00f6ffentlicht werden d\u00fcrfen. Falls Personen auf dem Bild zu sehen sind, habe ich mich vergewissert, dass sie mit der Ver\u00f6ffentlichung einverstanden sind. <\/label>\t\t\t<\/span>\n\t\t<\/div>\n\t\t\t\t\t\t<\/div>\n\t\t\t\t\t\t\t\t<div class=\"elementor-field-type-upload elementor-field-group elementor-column elementor-field-group-bildpfad elementor-col-100\">\n\t\t\t\t\t\t\t<input type=\"file\" name=\"form_fields[bildpfad]\" id=\"form-field-bildpfad\" class=\"elementor-field elementor-size-sm  elementor-upload-field\" data-maxsize=\"10\" data-maxsize-message=\"Diese Datei \u00fcbersteigt die maximale Dateigr\u00f6\u00dfe\">\n\n\t\t\t\t\t\t<\/div>\n\t\t\t\t\t\t\t\t<div class=\"elementor-field-group elementor-column elementor-field-type-submit elementor-col-50 e-form__buttons\">\n\t\t\t\t\t<button class=\"elementor-button elementor-size-sm\" type=\"submit\">\n\t\t\t\t\t\t<span class=\"elementor-button-content-wrapper\">\n\t\t\t\t\t\t\t\t\t\t\t\t\t\t\t\t\t\t\t\t\t\t<span class=\"elementor-button-text\">Senden<\/span>\n\t\t\t\t\t\t\t\t\t\t\t\t\t<\/span>\n\t\t\t\t\t<\/button>\n\t\t\t\t<\/div>\n\t\t\t<\/div>\n\t\t<\/form>\n\t\t\t\t\t\t<\/div>\n\t\t\t\t<\/div>\n\t\t\t\t<\/div>\n\t\t<div class=\"elementor-element elementor-element-7383c37 e-con-full e-flex e-con e-child\" data-id=\"7383c37\" data-element_type=\"container\" data-e-type=\"container\" data-settings=\"{&quot;background_background&quot;:&quot;classic&quot;}\">\n\t\t\t\t<div class=\"elementor-element elementor-element-3bf0f84 elementor-widget elementor-widget-menu-anchor\" data-id=\"3bf0f84\" data-element_type=\"widget\" data-e-type=\"widget\" data-widget_type=\"menu-anchor.default\">\n\t\t\t\t<div class=\"elementor-widget-container\">\n\t\t\t\t\t\t\t<div class=\"elementor-menu-anchor\" id=\"bildservice\"><\/div>\n\t\t\t\t\t\t<\/div>\n\t\t\t\t<\/div>\n\t\t\t\t<div class=\"elementor-element elementor-element-ee22ca4 elementor-widget elementor-widget-heading\" data-id=\"ee22ca4\" data-element_type=\"widget\" data-e-type=\"widget\" data-widget_type=\"heading.default\">\n\t\t\t\t<div class=\"elementor-widget-container\">\n\t\t\t\t\t<h2 class=\"elementor-heading-title elementor-size-default\">Bildrechte Service<\/h2>\t\t\t\t<\/div>\n\t\t\t\t<\/div>\n\t\t<div class=\"elementor-element elementor-element-550a605 e-flex e-con-boxed e-con e-child\" data-id=\"550a605\" data-element_type=\"container\" data-e-type=\"container\">\n\t\t\t\t\t<div class=\"e-con-inner\">\n\t\t\t\t<div class=\"elementor-element elementor-element-6090d09 elementor-widget elementor-widget-text-editor\" data-id=\"6090d09\" data-element_type=\"widget\" data-e-type=\"widget\" data-widget_type=\"text-editor.default\">\n\t\t\t\t<div class=\"elementor-widget-container\">\n\t\t\t\t\t\t\t\t\t<p>Solltest du beim B\u00e4umepflanzen (vielleicht im Zuge einer Veranstaltung) Fotos machen, stelle sicher, dass alle Personen mit der Ver\u00f6ffentlichung der Fotos einverstanden sind. Das kann nat\u00fcrlich einfach m\u00fcndlich passieren \u2013 besonders wenn du es dokumentiert haben m\u00f6chtest, empfiehlt sich die schriftliche Form. Hierf\u00fcr kannst du z.B. diese Formulare verwenden:<\/p><p><a href=\"https:\/\/baumkreisumdiewelt.org\/wp-content\/uploads\/2024\/05\/Einraeumung-von-Bildrechten-Kinder.pdf\">Bildrechte Kinder<\/a><br \/><a href=\"https:\/\/baumkreisumdiewelt.org\/wp-content\/uploads\/2024\/05\/Einraeumung-von-Bildrechten-Minderjaehrige-Erwachsene.pdf\">Bildrechte Jugendliche + Erwachsene<\/a><\/p>\t\t\t\t\t\t\t\t<\/div>\n\t\t\t\t<\/div>\n\t\t\t\t\t<\/div>\n\t\t\t\t<\/div>\n\t\t\t\t<\/div>\n\t\t\t\t<\/div>\n\t\t\t\t\t<\/div>\n\t\t\t\t<\/div>\n\t\t\t\t<\/div>\n\t\t","protected":false},"excerpt":{"rendered":"<p>Interaktive Baumkarte Sieh dir auf unserer Karte an, wo schon B\u00e4ume gepflanzt wurden. Entdecke die Geschichten dahinter. Sei Teil einer gro\u00dfartigen Idee und f\u00fcge deinen eigenen gepflanzten Baum (oder B\u00e4ume \ud83d\ude09) hinzu. Karte wird geladen&#8230; Die Idee dahinter Viele Menschen setzen B\u00e4ume. Daheim im Garten, im Wald, auf Reisen, \u2026 Einzelne oder ganz viele. Wir [&hellip;]<\/p>\n","protected":false},"author":1,"featured_media":0,"parent":0,"menu_order":0,"comment_status":"closed","ping_status":"closed","template":"elementor_header_footer","meta":{"_acf_changed":false,"footnotes":""},"class_list":["post-11","page","type-page","status-publish","hentry"],"acf":[],"_links":{"self":[{"href":"https:\/\/baumkreisumdiewelt.org\/es\/wp-json\/wp\/v2\/pages\/11","targetHints":{"allow":["GET"]}}],"collection":[{"href":"https:\/\/baumkreisumdiewelt.org\/es\/wp-json\/wp\/v2\/pages"}],"about":[{"href":"https:\/\/baumkreisumdiewelt.org\/es\/wp-json\/wp\/v2\/types\/page"}],"author":[{"embeddable":true,"href":"https:\/\/baumkreisumdiewelt.org\/es\/wp-json\/wp\/v2\/users\/1"}],"replies":[{"embeddable":true,"href":"https:\/\/baumkreisumdiewelt.org\/es\/wp-json\/wp\/v2\/comments?post=11"}],"version-history":[{"count":10,"href":"https:\/\/baumkreisumdiewelt.org\/es\/wp-json\/wp\/v2\/pages\/11\/revisions"}],"predecessor-version":[{"id":1507,"href":"https:\/\/baumkreisumdiewelt.org\/es\/wp-json\/wp\/v2\/pages\/11\/revisions\/1507"}],"wp:attachment":[{"href":"https:\/\/baumkreisumdiewelt.org\/es\/wp-json\/wp\/v2\/media?parent=11"}],"curies":[{"name":"wp","href":"https:\/\/api.w.org\/{rel}","templated":true}]}}