{"id":84,"date":"2023-11-22T15:56:47","date_gmt":"2023-11-22T14:56:47","guid":{"rendered":"https:\/\/baumkreisumdiewelt.org\/?page_id=84"},"modified":"2025-09-24T11:49:20","modified_gmt":"2025-09-24T09:49:20","slug":"impressum-datenschutz","status":"publish","type":"page","link":"https:\/\/baumkreisumdiewelt.org\/es\/impressum-datenschutz\/","title":{"rendered":"Impressum &#038; Datenschutz"},"content":{"rendered":"<div data-elementor-type=\"wp-page\" data-elementor-id=\"84\" class=\"elementor elementor-84\" data-elementor-post-type=\"page\">\n\t\t\t\t<div class=\"elementor-element elementor-element-8f31913 e-flex e-con-boxed e-con e-parent\" data-id=\"8f31913\" data-element_type=\"container\" data-e-type=\"container\" data-settings=\"{&quot;background_background&quot;:&quot;classic&quot;}\">\n\t\t\t\t\t<div class=\"e-con-inner\">\n\t\t<div class=\"elementor-element elementor-element-329924a e-flex e-con-boxed e-con e-child\" data-id=\"329924a\" data-element_type=\"container\" data-e-type=\"container\" data-settings=\"{&quot;background_background&quot;:&quot;classic&quot;}\">\n\t\t\t\t\t<div class=\"e-con-inner\">\n\t\t\t\t<div class=\"elementor-element elementor-element-2b5f00e elementor-widget elementor-widget-heading\" data-id=\"2b5f00e\" data-element_type=\"widget\" data-e-type=\"widget\" data-widget_type=\"heading.default\">\n\t\t\t\t<div class=\"elementor-widget-container\">\n\t\t\t\t\t<h2 class=\"elementor-heading-title elementor-size-default\">Pie de imprenta<\/h2>\t\t\t\t<\/div>\n\t\t\t\t<\/div>\n\t\t\t\t<div class=\"elementor-element elementor-element-5ab5b67 elementor-widget elementor-widget-text-editor\" data-id=\"5ab5b67\" data-element_type=\"widget\" data-e-type=\"widget\" data-widget_type=\"text-editor.default\">\n\t\t\t\t<div class=\"elementor-widget-container\">\n\t\t\t\t\t\t\t\t\t<p>NOMBRE DE LA ASOCIACI\u00d3N<br>Baumkreis um die Welt e.V.<\/p><p>REGISTRO DE ASOCIACIONES<br>UVZ n\u00ba 286\/2023<\/p><p>DIRECCI\u00d3N<br>Baumkreis um die Welt, c\/o Regina Katerndahl, Bautzener Str. 8, 10829 Berl\u00edn<\/p>\n<p>CONTACTO<br>Correo electr\u00f3nico: info@baumkreisumdiewelt.org | Tel\u00e9fono: +43 680 3035098 (Tim Martina Sch\u00e4ffer)<\/p>\n<ul>\n<li>CONSEJO DE ADMINISTRACI\u00d3N DE CONFORMIDAD CON EL ART\u00cdCULO 26 DEL C\u00d3DIGO CIVIL ALEM\u00c1N<br>Presidenta: Regina Katerndahl, Bautzener Str. 8, 10829 Berl\u00edn, Alemania<\/li>\n<li>Primera Vicepresidenta: Tim Martina Sch\u00e4ffer, St. Vitus-Stra\u00dfe 11, 7000 Eisenstadt, Austria<\/li>\n<li>Segundo Vicepresidente: Reinhold Obermayr, Stribacher Strasse 6\/2; 9991 D\u00f6lsach, Austria<\/li>\n<li>Tercera Vicepresidenta y Tesorera: Helene Weber-K\u00f6pf, Mona-Lisa-Steiner-Weg 12\/1\/7, 1120 Viena, Austria<\/li>\n<li>Cuarto Vicepresidente y Secretario: Jonathan Felix Lemcke, 88045 Friedrichshafen, Alemania<\/li>\n<\/ul>\n<p>TRIBUNAL DE REGISTRO<br>Juzgado municipal Berl\u00edn-Charlottenburg - Juzgado de registro - 14046 Berl\u00edn, Alemania<\/p>\n<p>N\u00daMERO DE REGISTRO DE LA ASOCIACI\u00d3N<br>Como la asociaci\u00f3n a\u00fan est\u00e1 en proceso de fundaci\u00f3n, todav\u00eda no tiene n\u00famero de registro.<\/p>\n<p>RESPONSABLE EN EL SENTIDO DEL TRATADO ALEM\u00c1N SOBRE MEDIOS DE COMUNICACI\u00d3N (MSTV)<br>Tim Martina Sch\u00e4ffer<\/p>\n<p>NOTA IMPORTANTE:<br>Las fotos y ubicaciones en el mapa de \u00e1rboles pueden ser facilitadas por cualquiera y por todos. La organizaci\u00f3n no puede garantizar que la informaci\u00f3n sea correcta. Si observa que hemos publicado informaci\u00f3n incorrecta, p\u00f3ngase en contacto con nosotros en la direcci\u00f3n de correo electr\u00f3nico arriba indicada.<\/p>\n<p>DERECHOS DE IMAGEN:<br>P\u00e1gina de inicio de la imagen - \u00a9 2022 www.stephanmussil.at<br>Fotos de la galer\u00eda - Miembros de la asociaci\u00f3n<\/p>\t\t\t\t\t\t\t\t<\/div>\n\t\t\t\t<\/div>\n\t\t\t\t\t<\/div>\n\t\t\t\t<\/div>\n\t\t<div class=\"elementor-element elementor-element-8dfd0b8 e-flex e-con-boxed e-con e-child\" data-id=\"8dfd0b8\" data-element_type=\"container\" data-e-type=\"container\" data-settings=\"{&quot;background_background&quot;:&quot;classic&quot;}\">\n\t\t\t\t\t<div class=\"e-con-inner\">\n\t\t\t\t<div class=\"elementor-element elementor-element-ac08d94 elementor-widget elementor-widget-heading\" data-id=\"ac08d94\" data-element_type=\"widget\" data-e-type=\"widget\" data-widget_type=\"heading.default\">\n\t\t\t\t<div class=\"elementor-widget-container\">\n\t\t\t\t\t<h2 class=\"elementor-heading-title elementor-size-default\">Protecci\u00f3n de datos<\/h2>\t\t\t\t<\/div>\n\t\t\t\t<\/div>\n\t\t\t\t<div class=\"elementor-element elementor-element-18cb2a7 elementor-widget elementor-widget-text-editor\" data-id=\"18cb2a7\" data-element_type=\"widget\" data-e-type=\"widget\" data-widget_type=\"text-editor.default\">\n\t\t\t\t<div class=\"elementor-widget-container\">\n\t\t\t\t\t\t\t\t\t<p><span style=\"color: var( --e-global-color-secondary ); font-family: var( --e-global-typography-text-font-family ), Sans-serif; font-size: var( --e-global-typography-text-font-size ); font-weight: var( --e-global-typography-text-font-weight ); text-align: var(--text-align);\">La protecci\u00f3n de datos en Alemania est\u00e1 regulada por el GDPR. Dado que los procesos relacionados con la protecci\u00f3n de datos tienen lugar cuando usted visita un sitio web, nos gustar\u00eda explicarle aqu\u00ed qu\u00e9 ocurre exactamente con sus datos cuando visita este sitio web o utiliza sus funciones. Encontrar\u00e1 toda la informaci\u00f3n pertinente claramente presentada en el apartado \"Short &amp; Sweet\". Si desea entrar en m\u00e1s detalles y saber exactamente qu\u00e9 ocurre, encontrar\u00e1 informaci\u00f3n detallada (obligaci\u00f3n de informaci\u00f3n Art. 13 GDPR) en \"Detalles legales\".<\/span><\/p><h2>Corto y n\u00edtido<\/h2><p>Toda la informaci\u00f3n relevante sobre protecci\u00f3n de datos en pocas palabras. Utilizamos 3 categor\u00edas:<\/p><ul><li><span style=\"color: #2ecc71;\">Verde<\/span> - Todo en la zona verde - aqu\u00ed no se almacena ning\u00fan dato<\/li><li><span style=\"color: #f39c12;\">Naranja<\/span> - Seguridad y limpieza: los datos se utilizan de conformidad con la legislaci\u00f3n y la normativa sobre protecci\u00f3n de datos.<\/li><li><span style=\"color: #e74c3c;\">Rojo<\/span> - Aqu\u00ed es donde se pone cr\u00edtico - sus datos pueden ser transferidos a un tercer pa\u00eds inseguro, por ejemplo, los EE.UU.. No obstante, para ello necesitamos su consentimiento expreso, que se le solicitar\u00e1 previamente en los puntos pertinentes (banner de cookies).<\/li><\/ul><h2><span style=\"color: #2ecc71;\">\u00a0<\/span><\/h2><h2><span style=\"color: #2ecc71;\">WordPress<\/span><\/h2><p>Este sitio web ha sido creado utilizando el sistema de gesti\u00f3n de contenidos WordPress. WordPress no almacena ning\u00fan dato cuando usted simplemente visualiza el sitio web.<\/p><h2><span style=\"color: #2ecc71;\">Plugins utilizados<\/span><\/h2><p>Utilizamos varios plugins (programas adicionales) para mostrar el sitio web. Aqu\u00ed no utilizamos ning\u00fan plugin que recopile o almacene sus datos por iniciativa propia.<\/p><h2><span style=\"color: #f39c12;\">Formulario de contacto y \"formulario \u00e1rbol<\/span><\/h2><p>En este sitio web hay un formulario de contacto que puede utilizar para ponerse en contacto con nosotros. Si introduce aqu\u00ed sus datos (por ejemplo, nombre, apellidos, direcci\u00f3n de correo electr\u00f3nico), estos se procesar\u00e1n y nos los enviaremos por correo electr\u00f3nico.<\/p><p>Hay un segundo formulario que puede utilizar para enviarnos informaci\u00f3n sobre un \u00e1rbol que haya plantado. Estos datos y cualquier foto que nos env\u00ede se publicar\u00e1n en el sitio web. Por favor, no nos env\u00ede informaci\u00f3n sobre un \u00e1rbol si no est\u00e1 de acuerdo con su publicaci\u00f3n.<\/p><h2><span style=\"color: #f39c12;\">Alojamiento<\/span><\/h2><p>El alojamiento es el lugar de Internet donde se \"almacena\" un sitio web. Este sitio web est\u00e1 alojado en ALL-INKL.COM - Neue Medien M\u00fcnnich.<\/p><h2>\u00a0<\/h2><h2><span style=\"color: var( --e-global-color-accent ); font-family: inherit; font-size: 2rem; text-align: var(--text-align);\">Menciones legales<\/span><\/h2><p>Datos de contacto de la persona responsable: v\u00e9ase el pie de imprenta<\/p><h2>Sus derechos<\/h2><p>Si se procesan sus datos, usted tiene ciertos derechos en virtud del GDPR:<\/p><ul><li>Derecho a la informaci\u00f3n (Art. 15 GDPR) - Previa solicitud, le informaremos sobre los datos, el tipo de datos, el per\u00edodo de almacenamiento, cualquier transferencia posterior, etc.<\/li><li>Derecho a rectificar o completar (Art. 16 GDPR) - Si lo solicita, sus datos almacenados por nosotros ser\u00e1n rectificados o completados.<\/li><li>Supresi\u00f3n (Art. 17 GDPR) - Si no existen obligaciones legales de conservaci\u00f3n, sus datos se suprimir\u00e1n inmediatamente previa solicitud.<\/li><li>Tambi\u00e9n tiene derecho a restringir el tratamiento (art. 18 del RGPD), a oponerse al tratamiento (art. 21 del RGPD), a recibir informaci\u00f3n (art. 21 del RGPD) y a la portabilidad de los datos (art. 20 del RGPD).<\/li><li>De conformidad con el art\u00edculo 77 del RGPD, tambi\u00e9n tiene derecho a presentar una reclamaci\u00f3n ante una autoridad de control.\u00a0<a href=\"https:\/\/www.bfdi.bund.de\/DE\/Service\/Anschriften\/Laender\/Laender-node.html\" target=\"_blank\" rel=\"noopener\">Aqu\u00ed encontrar\u00e1 una lista actualizada de las autoridades responsables en Alemania.<\/a><\/li><li>Por \u00faltimo, pero no por ello menos importante, tambi\u00e9n tiene derecho a retirar cualquier consentimiento que haya dado (Art. 7 (3) GDPR)<\/li><\/ul><h2>\u00a0<\/h2><h2>Detalles sobre las solicitudes individuales<\/h2><h3>Alojamiento<\/h3><ul><li>Objeto: puesta a disposici\u00f3n del sitio web<\/li><li>Categor\u00edas de datos: Direcci\u00f3n IP, datos del navegador, marca de tiempo<\/li><li>Base jur\u00eddica:<ul><li>Tratamiento para el cumplimiento de un contrato (art. 6, apdo. 1, letra b))<\/li><li>Inter\u00e9s leg\u00edtimo (art. 6, apdo. 1, letra f))<\/li><li>ADV con ALL-INKL.COM - Neue Medien M\u00fcnnich<\/li><\/ul><\/li><li>Destinatario: ALL-INKL.COM - Neue Medien M\u00fcnnich. Los datos s\u00f3lo son utilizados por el proveedor durante la sesi\u00f3n, pero no se almacenan.<\/li><li>Tercer pa\u00eds: no hay transferencia a un tercer pa\u00eds<\/li><li>Duraci\u00f3n del almacenamiento: S\u00f3lo durante la sesi\u00f3n. No se crean archivos de registro.<\/li><\/ul><h3>\u00a0<\/h3><h3>Formulario de contacto<\/h3><ul><li>Finalidad: Tramitar su consulta<\/li><li>Categor\u00edas de datos: Datos de contacto o los datos solicitados en el formulario<\/li><li>Base jur\u00eddica: Tratamiento para el cumplimiento de un contrato (art. 6, apdo. 1, letra b))<\/li><li>Destinatario: ver pie de imprenta - sus datos no se transmitir\u00e1n<\/li><li>Tercer pa\u00eds: no hay transferencia a un tercer pa\u00eds<\/li><li>Periodo de almacenamiento: Sus datos s\u00f3lo se procesar\u00e1n para enviar la solicitud de contacto y, a continuaci\u00f3n, se eliminar\u00e1n inmediatamente.<\/li><\/ul><div><h3>\"Forma de \u00e1rbol\"<\/h3><ul><li>Objeto: Publicaci\u00f3n de informaci\u00f3n y datos en el sitio web<\/li><li>Categor\u00edas de datos: Datos solicitados en el formulario<\/li><li>Base jur\u00eddica: Consentimiento (art. 6, apdo. 1, letra a))<\/li><li>Destinatario: v\u00e9ase el pie de imprenta - los datos tambi\u00e9n se publicar\u00e1n en nuestro sitio web<\/li><li>Tercer pa\u00eds: no hay transferencia a un tercer pa\u00eds<\/li><li>Periodo de almacenamiento: hasta la cancelaci\u00f3n<\/li><\/ul><\/div><p>\u00a0<\/p><p>Utilizamos la herramienta de consentimiento \"Real Cookie Banner\" para gestionar las cookies y tecnolog\u00edas similares utilizadas (p\u00edxeles de seguimiento, balizas web, etc.) y los consentimientos relacionados. Encontrar\u00e1 informaci\u00f3n detallada sobre el funcionamiento de \"Real Cookie Banner\" en <a href=\"https:\/\/devowl.io\/de\/rcb\/datenverarbeitung\/\" target=\"_blank\" rel=\"noopener noreferrer\">dewol.io<\/a>.<\/p><p>La base jur\u00eddica para el tratamiento de datos personales en este contexto es el art. 6, apdo. 1, letra c) del RGPD y el art. 6, apdo. 1, letra f) del RGPD. Nuestro inter\u00e9s leg\u00edtimo es la gesti\u00f3n de las cookies y tecnolog\u00edas similares utilizadas y los consentimientos relacionados.<\/p><p>El suministro de datos personales no es contractualmente obligatorio ni necesario para la celebraci\u00f3n de un contrato. Usted no est\u00e1 obligado a facilitar los datos personales. Si no facilita los datos personales, no podremos gestionar sus consentimientos.<\/p><p>\u00daltima revisi\u00f3n 24\/09\/2025<\/p>\t\t\t\t\t\t\t\t<\/div>\n\t\t\t\t<\/div>\n\t\t\t\t\t<\/div>\n\t\t\t\t<\/div>\n\t\t\t\t\t<\/div>\n\t\t\t\t<\/div>\n\t\t\t\t<\/div>","protected":false},"excerpt":{"rendered":"<p>Impressum VEREINSNAMEBaumkreis um die Welt e.V. VEREINSREGISTERUVZ-Nr. 286\/2023 ANSCHRIFTBaumkreis um die Welt, c\/o Regina Katerndahl, Bautzener Str. 8, 10829 Berlin KONTAKTMail: info@baumkreisumdiewelt.org | Tel.: +43 680 3035098 (Tim Martina Sch\u00e4ffer) VORSTAND NACH \u00a7 26 B\u00dcRGERLICHES GESETZBUCHVorsitzende: Regina Katerndahl, Bautzener Str. 8, 10829 Berlin, Deutschland Erste stellvertretende Vorsitzende: Tim Martina Sch\u00e4ffer, St. Vitus-Stra\u00dfe 11, 7000 Eisenstadt, [&hellip;]<\/p>\n","protected":false},"author":1,"featured_media":0,"parent":0,"menu_order":0,"comment_status":"closed","ping_status":"closed","template":"elementor_header_footer","meta":{"_acf_changed":false,"footnotes":""},"class_list":["post-84","page","type-page","status-publish","hentry"],"acf":[],"_links":{"self":[{"href":"https:\/\/baumkreisumdiewelt.org\/es\/wp-json\/wp\/v2\/pages\/84","targetHints":{"allow":["GET"]}}],"collection":[{"href":"https:\/\/baumkreisumdiewelt.org\/es\/wp-json\/wp\/v2\/pages"}],"about":[{"href":"https:\/\/baumkreisumdiewelt.org\/es\/wp-json\/wp\/v2\/types\/page"}],"author":[{"embeddable":true,"href":"https:\/\/baumkreisumdiewelt.org\/es\/wp-json\/wp\/v2\/users\/1"}],"replies":[{"embeddable":true,"href":"https:\/\/baumkreisumdiewelt.org\/es\/wp-json\/wp\/v2\/comments?post=84"}],"version-history":[{"count":10,"href":"https:\/\/baumkreisumdiewelt.org\/es\/wp-json\/wp\/v2\/pages\/84\/revisions"}],"predecessor-version":[{"id":1202,"href":"https:\/\/baumkreisumdiewelt.org\/es\/wp-json\/wp\/v2\/pages\/84\/revisions\/1202"}],"wp:attachment":[{"href":"https:\/\/baumkreisumdiewelt.org\/es\/wp-json\/wp\/v2\/media?parent=84"}],"curies":[{"name":"wp","href":"https:\/\/api.w.org\/{rel}","templated":true}]}}